{"id":36,"date":"2023-08-17T19:05:46","date_gmt":"2023-08-17T19:05:46","guid":{"rendered":"https:\/\/jonekush.cc\/?page_id=36"},"modified":"2023-08-17T19:05:46","modified_gmt":"2023-08-17T19:05:46","slug":"metatags2","status":"publish","type":"page","link":"https:\/\/jonekush.cc\/index.php\/metatags2\/","title":{"rendered":"Metatags2"},"content":{"rendered":"<p>marihuana mexico<br \/>\nlegalizacion marihuana mexico<br \/>\nmarihuana mexico 2023<br \/>\nmarihuana mexico compra<br \/>\namparo marihuana mexico<br \/>\nen que estados es legal la marihuana mexico<br \/>\ndia de la marihuana mexico<br \/>\nportacion de marihuana mexico<br \/>\nley marihuana mexico 2022<br \/>\ndonde es legal la marihuana mexico<br \/>\ndispensarios de marihuana mexico<br \/>\nmarihuana avion mexico<br \/>\nmarihuana de mexico<br \/>\naeropuerto marihuana mexico<br \/>\nconsumo de marihuana en adolescentes en mexico<br \/>\ncomo llevar marihuana en el avion mexico<br \/>\npuedo llevar marihuana en el avion mexico<br \/>\nporcentaje de adolescentes que consumen marihuana en mexico<br \/>\nen que a\u00f1o se legaliz\u00f3 la marihuana en mexico<br \/>\naprobacion de la marihuana en mexico<br \/>\nargumentos sobre la legalizacion de la marihuana en mexico<br \/>\nque pasa si te agarran con marihuana en mexico<br \/>\nbebida marihuana mexico<br \/>\nbancos de marihuana mexico<br \/>\nbeneficios de legalizar la marihuana en mexico<br \/>\nlegalizacion de la marihuana en mexico desde la biologia<br \/>\nmarihuana mexico cultivo<br \/>\nmarihuana mexico consumo<br \/>\nthc carts mexico<br \/>\nthc crew m\u00e9xico donde comprar<br \/>\nthc crew mexico<br \/>\nmarihuana en mexico crucigrama<br \/>\nmarihuana mexico suprema corte<br \/>\nmarihuana en mexico cdmx<br \/>\nsemillas marihuana comprar mexico<br \/>\ncuanto cuesta 1\/4 de marihuana mexico<br \/>\nconsumo legal marihuana mexico<br \/>\ncultivar marihuana mexico<br \/>\ncuanto cuesta un gramo de marihuana mexico<br \/>\ncantidad marihuana mexico<br \/>\ncuanto cuesta el kilo de marihuana mexico<br \/>\ncuanta marihuana es legal portar en mexico<br \/>\ncuantos gramos de marihuana puedes portar en mexico<br \/>\ncuanta marihuana se puede portar en mexico<br \/>\ncuanta marihuana puedes portar en mexico<br \/>\nmarihuana mexico delito<br \/>\nmarihuana durango mexico<br \/>\nmarihuana da\u00f1os mexico<br \/>\nmarihuana medicinal m\u00e9xico donde comprar<br \/>\nmarihuana en mexico df<br \/>\nmarihuana gobierno de mexico<br \/>\nmarihuana legal en mexico df<br \/>\nmejores marihuana de mexico<br \/>\ndispensario marihuana mexico<br \/>\ndespenalizacion marihuana mexico<br \/>\ndonar sangre marihuana mexico<br \/>\nkilo de marihuana mexico<br \/>\nley de marihuana mexico<br \/>\nprecio de marihuana mexico<br \/>\nlegalizacion de marihuana mexico 2023<br \/>\nmarihuana mexico es legal<br \/>\nmarihuana mexico estado legal<br \/>\nmarihuana en mexico 2022<br \/>\nmarihuana en mexico 2023<br \/>\nmarihuana en mexico legalizacion<br \/>\nmarihuana en mexico historia<br \/>\nmarihuana estadisticas mexico<br \/>\nmarihuana economia mexico<br \/>\nmarihuana en mexico pdf<br \/>\nestado marihuana mexico<br \/>\nestadisticas marihuana mexico<br \/>\nlegalizacion de la marihuana en mexico<br \/>\nmarihuana legal en mexico 2022<br \/>\nla marihuana es legal en mexico 2023<br \/>\nhistoria de la marihuana en mexico<br \/>\nmexico fumar marihuana<br \/>\nfertilizantes marihuana mexico<br \/>\nlegalizacion de la marihuana en mexico argumentos a favor<br \/>\ncuanta gente fuma marihuana en mexico<br \/>\nargumentos a favor de la marihuana en mexico<br \/>\ncuantas personas fuman marihuana en mexico<br \/>\nfumar marihuana en via publica mexico<br \/>\nfranquicia de marihuana en mexico<br \/>\nesta permitido fumar marihuana en mexico<br \/>\nformas de decirle a la marihuana en mexico<br \/>\nse puede fumar marihuana en la calle en mexico<br \/>\nmarihuana mexico gobierno<br \/>\nmarihuana gramos mexico<br \/>\nthc gummies mexico<br \/>\nthc gomitas mexico<br \/>\nmarihuana guadalajara mexico<br \/>\ngomitas marihuana mexico<br \/>\ncuidado de mascotas, guadalupe, ciudad de m\u00e9xico, cdmx, m\u00e9xico<br \/>\ncuantos gramos de marihuana son legales en mexico<br \/>\ncuanta gente consume marihuana en mexico<br \/>\ncuanto vale un gramo de marihuana en mexico<br \/>\ncuanto es un gramo de marihuana en mexico<br \/>\ncuantos gramos de marihuana esta permitido portar en mexico<br \/>\ncuantos gramos de marihuana esta permitido traer en mexico<br \/>\nmarihuana historia mexico<br \/>\nmarihuana legal mexico hoy<br \/>\nhistoria marihuana mexico<br \/>\nhistoria de la legalizacion de la marihuana en mexico<br \/>\nque tipos de marihuana hay en mexico<br \/>\nantecedentes historicos de la marihuana en mexico<br \/>\nhistoria de la marihuana en mexico unam<br \/>\nque marihuana hay en mexico<br \/>\ncuanta marihuana hay en mexico<br \/>\nmarihuana in mexico<br \/>\nmarihuana mexico city<br \/>\ncuidado de mascotas, san andr\u00e9s ahuayucan, m\u00e9xico, cdmx<br \/>\ninvertir en marihuana mexico<br \/>\ningresos marihuana mexico<br \/>\nis marihuana legal in mexico<br \/>\ninformacion sobre la legalizacion de la marihuana en mexico<br \/>\ndia internacional de la marihuana en mexico<br \/>\nimpacto de la legalizacion de la marihuana en mexico<br \/>\nporque es ilegal la marihuana en mexico<br \/>\nimportaciones de marihuana en mexico<br \/>\nmarihuana jurisprudencia mexico<br \/>\njerga marihuana mexico<br \/>\nconsumo de marihuana en jovenes en mexico<br \/>\njurisprudencia sobre marihuana en mexico<br \/>\nmarihuana en los jovenes en mexico<br \/>\ncuanto cuesta un kilo de marihuana en mexico 2022<br \/>\nprecio de marihuana en mexico por kilo<br \/>\ncuanto cuesta 1 kg de marihuana en mexico<br \/>\ncuanto cuesta un kilo de marihuana en mexico 2023<br \/>\ncuanto cuesta el kilo marihuana en mexico<br \/>\nkilo marihuana precio mexico<br \/>\nlegalizacion marihuana mexico economia<br \/>\nlegalizacion marihuana mexico salud<br \/>\nla marihuana mexico<br \/>\nlegalizan marihuana mexico<br \/>\nla mejor marihuana mexico<br \/>\nuso ludico marihuana mexico<br \/>\nmarihuana medicinal mexico<br \/>\nthc medicinal mexico<br \/>\nmarihuana uso medicinal mexico<br \/>\ncuidado de mascotas, san andr\u00e9s ahuayucan, m\u00e9xico, cdmx, m\u00e9xico<br \/>\ncual es la mejor marihuana de mexico<br \/>\nlegalizacion de la marihuana para uso medicinal en mexico<br \/>\nla marihuana medicinal es legal en mexico<br \/>\ncual es la marihuana m\u00e1s cara en mexico<br \/>\nmuertes por consumo de marihuana en mexico<br \/>\nmercado de marihuana en mexico<br \/>\npuedo plantar marihuana en mi casa mexico<br \/>\nmayor decomiso de marihuana en mexico<br \/>\nmarihuana nuevo m\u00e9xico<br \/>\nnegocio marihuana mexico<br \/>\nmarihuana en mexico nombre<br \/>\nnarcotrafico marihuana mexico<br \/>\nnoticias marihuana mexico<br \/>\nnombres de la marihuana en mexico<br \/>\nporque no legalizar la marihuana en mexico<br \/>\nes legal la marihuana en nuevo mexico<br \/>\nnombre que recibe la marihuana en mexico crucigrama<br \/>\nporque no se debe legalizar la marihuana en mexico<br \/>\nnuevo mexico marihuana<br \/>\nporque no se legaliza la marihuana en mexico<br \/>\nnegocio de marihuana en mexico<br \/>\nopinion sobre la legalizacion de la marihuana en mexico<br \/>\norigen de la marihuana en mexico<br \/>\nla marihuana es legal o ilegal en mexico<br \/>\nmarihuana mexico oaxaca<br \/>\nmarihuana mexico puebla<br \/>\nmarihuana prensada mexico<br \/>\nmarihuana posesion mexico<br \/>\nmarihuana pais mexico<br \/>\nthc en mexico<br \/>\nmarihuana en mexico porcentaje<br \/>\nmarihuana medicinal mexico puebla<br \/>\nmarihuana pelicula mexicana<br \/>\ngramo marihuana precio mexico<br \/>\npermiso marihuana mexico<br \/>\nportacion legal marihuana mexico<br \/>\nplantacion marihuana mexico 1984<br \/>\nparadise marihuana mexico<br \/>\nplantaciones de marihuana mexico<br \/>\nprecio de la marihuana en mexico 2022<br \/>\nmarihuana mexico que es<br \/>\npor que se debe legalizar la marihuana en mexico<br \/>\ncantidad de marihuana que se puede portar en mexico<br \/>\npor que se legalizo la marihuana en mexico<br \/>\nque pasaria si se legaliza la marihuana en mexico<br \/>\nporcentaje de personas que consumen marihuana en mexico<br \/>\nquien trajo la marihuana a mexico<br \/>\nmarihuana mexico reddit<br \/>\nmarihuana recreativa mexico<br \/>\nmarihuana recreacional mexico<br \/>\nmarihuana uso recreativo mexico<br \/>\nregulacion marihuana mexico<br \/>\nregulacion marihuana mexico 2022<br \/>\nregulacion de la marihuana en mexico<br \/>\nriesgos de la legalizacion de la marihuana en mexico<br \/>\nlegalizacion de la marihuana para uso recreativo en mexico<br \/>\nregularizacion de la marihuana en mexico<br \/>\nconsumo recreativo de marihuana en mexico<br \/>\nmarihuana sinonimos mexico<br \/>\nmarihuana senado mexico<br \/>\nmarihuana shop mexico<br \/>\nmarihuana senado mexicano<br \/>\nmarihuana sintetica mexico<br \/>\nmarihuana en mexico scielo<br \/>\nmarihuana sativa mexicana<br \/>\ncuando se legaliza la marihuana en mexico<br \/>\nlegalizacion de la marihuana en mexico sociologia<br \/>\ncuando sembrar marihuana en mexico<br \/>\ncuando se prohibio la marihuana en mexico<br \/>\nse puede llevar marihuana en el avion mexico<br \/>\nmarihuana tienda mexico<br \/>\ntratados internacionales mariguana mexico<br \/>\ncuantas plantas de marihuana puedo tener en casa mexico<br \/>\ntipos de marihuana en mexico<br \/>\ncuanto puedes traer de marihuana en mexico<br \/>\ntesis sobre la legalizacion de la marihuana en mexico<br \/>\ntexto argumentativo sobre la legalizacion de la marihuana en mexico<br \/>\nque precio tiene la marihuana en mexico<br \/>\ncuantas plantas de marihuana se pueden tener en mexico<br \/>\nuso medicinal de la marihuana mexico<br \/>\nuso de la marihuana en mexico<br \/>\ncuanta marihuana puede portar una persona en mexico<br \/>\npuedo tener una planta de marihuana en mexico<br \/>\nviajar con marihuana mexico<br \/>\nvender marihuana mexico<br \/>\nvaporizador marihuana mexico<br \/>\nventajas de legalizar la marihuana en mexico<br \/>\ncuando se va a legalizar la marihuana en mexico<br \/>\nlegalizacion de la marihuana en mexico ventajas y desventajas<br \/>\ncuando va a ser legal la marihuana en mexico<br \/>\nweed mexico<br \/>\nw radio mexico martha debayle<br \/>\nweed mx<br \/>\nx-mexico<br \/>\nmarihuana mexico legalizacion<br \/>\nmarihuana mexico 2022<br \/>\nmarihuana mexico amparo<br \/>\nmexico marihuana legalizar<br \/>\nmexico marihuana historia<br \/>\nya es legal la marihuana mexico<br \/>\ncuanto cuesta la marihuana en mexico yahoo<br \/>\nya se legaliza la marihuana en mexico<br \/>\nla marihuana ya es legal en mexico 2022<br \/>\nlegalizacion de la marihuana en mexico pros y contras<br \/>\nmarihuana en mexico y el mundo<br \/>\nm\u00e9xico marihuana legalizaci\u00f3n<br \/>\n134 toneladas de marihuana mexico<br \/>\n1 kilo de marihuana precio mexico<br \/>\nlegalizacion marihuana mexico 2023<br \/>\nmarihuana en mexico 2017<br \/>\ndespenalizacion marihuana mexico 2015<br \/>\n28 gramos marihuana mexico<br \/>\ncuanta marihuana puedes portar en mexico 2022<br \/>\nla marihuana es legal en mexico 2021<br \/>\nconsumo de marihuana en mexico 2023<br \/>\nporcentaje de consumo de marihuana en mexico 2022<br \/>\ncuantas personas consumen marihuana en mexico 2021<br \/>\n3 marihuanos<br \/>\n6 gramos de cristal<br \/>\n7 maravillas mexico<br \/>\n8 thc<br \/>\ndelta 8 m\u00e9xico<br \/>\n9lb hammer strain<\/p>\n","protected":false},"excerpt":{"rendered":"<p>marihuana mexico legalizacion marihuana mexico marihuana mexico 2023 marihuana mexico compra amparo marihuana mexico en que estados es legal la marihuana mexico dia de la marihuana mexico portacion de marihuana mexico ley marihuana mexico 2022 donde es legal la marihuana mexico dispensarios de marihuana mexico marihuana avion mexico marihuana de mexico aeropuerto marihuana mexico consumo<\/p>\n<div class=\"more-link\">\n\t\t\t\t <a href=\"https:\/\/jonekush.cc\/index.php\/metatags2\/\" class=\"btn theme-btn\"><span>Seguir leyendo <\/span><i class=\"icofont-thin-double-right\"><\/i><\/a>\n\t\t\t<\/div>\n","protected":false},"author":1,"featured_media":31,"parent":0,"menu_order":0,"comment_status":"closed","ping_status":"closed","template":"","meta":{"footnotes":""},"class_list":["post-36","page","type-page","status-publish","has-post-thumbnail","hentry"],"yoast_head":"<!-- This site is optimized with the Yoast SEO plugin v25.2 - https:\/\/yoast.com\/wordpress\/plugins\/seo\/ -->\n<title>Metatags2 - JoneKush - Las mejores flores y los mejores productos \ud83c\udf3f\ud83c\udf6f- Envios a todo Mexico - Tienda Online - Telegram @jonekush<\/title>\n<meta name=\"robots\" content=\"index, follow, max-snippet:-1, max-image-preview:large, max-video-preview:-1\" \/>\n<link rel=\"canonical\" href=\"https:\/\/jonekush.cc\/index.php\/metatags2\/\" \/>\n<meta property=\"og:locale\" content=\"es_MX\" \/>\n<meta property=\"og:type\" content=\"article\" \/>\n<meta property=\"og:title\" content=\"Metatags2 - JoneKush - Las mejores flores y los mejores productos \ud83c\udf3f\ud83c\udf6f- Envios a todo Mexico - Tienda Online - Telegram @jonekush\" \/>\n<meta property=\"og:description\" content=\"marihuana mexico legalizacion marihuana mexico marihuana mexico 2023 marihuana mexico compra amparo marihuana mexico en que estados es legal la marihuana mexico dia de la marihuana mexico portacion de marihuana mexico ley marihuana mexico 2022 donde es legal la marihuana mexico dispensarios de marihuana mexico marihuana avion mexico marihuana de mexico aeropuerto marihuana mexico consumo    Seguir leyendo\" \/>\n<meta property=\"og:url\" content=\"https:\/\/jonekush.cc\/index.php\/metatags2\/\" \/>\n<meta property=\"og:site_name\" content=\"JoneKush - Las mejores flores y los mejores productos \ud83c\udf3f\ud83c\udf6f- Envios a todo Mexico - Tienda Online - Telegram @jonekush\" \/>\n<meta property=\"og:image\" content=\"https:\/\/jonekush.cc\/wp-content\/uploads\/2023\/08\/jonekush1.jpg\" \/>\n\t<meta property=\"og:image:width\" content=\"399\" \/>\n\t<meta property=\"og:image:height\" content=\"399\" \/>\n\t<meta property=\"og:image:type\" content=\"image\/jpeg\" \/>\n<meta name=\"twitter:card\" content=\"summary_large_image\" \/>\n<meta name=\"twitter:label1\" content=\"Tiempo de lectura\" \/>\n\t<meta name=\"twitter:data1\" content=\"7 minutos\" \/>\n<script type=\"application\/ld+json\" class=\"yoast-schema-graph\">{\"@context\":\"https:\/\/schema.org\",\"@graph\":[{\"@type\":\"WebPage\",\"@id\":\"https:\/\/jonekush.cc\/index.php\/metatags2\/\",\"url\":\"https:\/\/jonekush.cc\/index.php\/metatags2\/\",\"name\":\"Metatags2 - JoneKush - Las mejores flores y los mejores productos \ud83c\udf3f\ud83c\udf6f- Envios a todo Mexico - Tienda Online - Telegram @jonekush\",\"isPartOf\":{\"@id\":\"https:\/\/jonekush.cc\/#website\"},\"primaryImageOfPage\":{\"@id\":\"https:\/\/jonekush.cc\/index.php\/metatags2\/#primaryimage\"},\"image\":{\"@id\":\"https:\/\/jonekush.cc\/index.php\/metatags2\/#primaryimage\"},\"thumbnailUrl\":\"https:\/\/jonekush.cc\/wp-content\/uploads\/2023\/08\/jonekush1.jpg\",\"datePublished\":\"2023-08-17T19:05:46+00:00\",\"breadcrumb\":{\"@id\":\"https:\/\/jonekush.cc\/index.php\/metatags2\/#breadcrumb\"},\"inLanguage\":\"es\",\"potentialAction\":[{\"@type\":\"ReadAction\",\"target\":[\"https:\/\/jonekush.cc\/index.php\/metatags2\/\"]}]},{\"@type\":\"ImageObject\",\"inLanguage\":\"es\",\"@id\":\"https:\/\/jonekush.cc\/index.php\/metatags2\/#primaryimage\",\"url\":\"https:\/\/jonekush.cc\/wp-content\/uploads\/2023\/08\/jonekush1.jpg\",\"contentUrl\":\"https:\/\/jonekush.cc\/wp-content\/uploads\/2023\/08\/jonekush1.jpg\",\"width\":399,\"height\":399},{\"@type\":\"BreadcrumbList\",\"@id\":\"https:\/\/jonekush.cc\/index.php\/metatags2\/#breadcrumb\",\"itemListElement\":[{\"@type\":\"ListItem\",\"position\":1,\"name\":\"Inicio\",\"item\":\"https:\/\/jonekush.cc\/\"},{\"@type\":\"ListItem\",\"position\":2,\"name\":\"Metatags2\"}]},{\"@type\":\"WebSite\",\"@id\":\"https:\/\/jonekush.cc\/#website\",\"url\":\"https:\/\/jonekush.cc\/\",\"name\":\"JoneKush - Las mejores flores y los mejores productos \ud83c\udf3f\ud83c\udf6f- Envios a todo Mexico - Tienda Online - Telegram @jonekush\",\"description\":\"Envios a toda la Republica - Seguros Calidad y Profesional\",\"publisher\":{\"@id\":\"https:\/\/jonekush.cc\/#organization\"},\"potentialAction\":[{\"@type\":\"SearchAction\",\"target\":{\"@type\":\"EntryPoint\",\"urlTemplate\":\"https:\/\/jonekush.cc\/?s={search_term_string}\"},\"query-input\":{\"@type\":\"PropertyValueSpecification\",\"valueRequired\":true,\"valueName\":\"search_term_string\"}}],\"inLanguage\":\"es\"},{\"@type\":\"Organization\",\"@id\":\"https:\/\/jonekush.cc\/#organization\",\"name\":\"JoneKush - Las mejores flores y los mejores productos \ud83c\udf3f\ud83c\udf6f- Envios a todo Mexico - Tienda Online - Telegram @jonekush\",\"url\":\"https:\/\/jonekush.cc\/\",\"logo\":{\"@type\":\"ImageObject\",\"inLanguage\":\"es\",\"@id\":\"https:\/\/jonekush.cc\/#\/schema\/logo\/image\/\",\"url\":\"https:\/\/jonekush.cc\/wp-content\/uploads\/2023\/08\/cropped-jonekushpilogo.jpg\",\"contentUrl\":\"https:\/\/jonekush.cc\/wp-content\/uploads\/2023\/08\/cropped-jonekushpilogo.jpg\",\"width\":100,\"height\":100,\"caption\":\"JoneKush - Las mejores flores y los mejores productos \ud83c\udf3f\ud83c\udf6f- Envios a todo Mexico - Tienda Online - Telegram @jonekush\"},\"image\":{\"@id\":\"https:\/\/jonekush.cc\/#\/schema\/logo\/image\/\"}}]}<\/script>\n<!-- \/ Yoast SEO plugin. -->","yoast_head_json":{"title":"Metatags2 - JoneKush - Las mejores flores y los mejores productos \ud83c\udf3f\ud83c\udf6f- Envios a todo Mexico - Tienda Online - Telegram @jonekush","robots":{"index":"index","follow":"follow","max-snippet":"max-snippet:-1","max-image-preview":"max-image-preview:large","max-video-preview":"max-video-preview:-1"},"canonical":"https:\/\/jonekush.cc\/index.php\/metatags2\/","og_locale":"es_MX","og_type":"article","og_title":"Metatags2 - JoneKush - Las mejores flores y los mejores productos \ud83c\udf3f\ud83c\udf6f- Envios a todo Mexico - Tienda Online - Telegram @jonekush","og_description":"marihuana mexico legalizacion marihuana mexico marihuana mexico 2023 marihuana mexico compra amparo marihuana mexico en que estados es legal la marihuana mexico dia de la marihuana mexico portacion de marihuana mexico ley marihuana mexico 2022 donde es legal la marihuana mexico dispensarios de marihuana mexico marihuana avion mexico marihuana de mexico aeropuerto marihuana mexico consumo    Seguir leyendo","og_url":"https:\/\/jonekush.cc\/index.php\/metatags2\/","og_site_name":"JoneKush - Las mejores flores y los mejores productos \ud83c\udf3f\ud83c\udf6f- Envios a todo Mexico - Tienda Online - Telegram @jonekush","og_image":[{"width":399,"height":399,"url":"https:\/\/jonekush.cc\/wp-content\/uploads\/2023\/08\/jonekush1.jpg","type":"image\/jpeg"}],"twitter_card":"summary_large_image","twitter_misc":{"Tiempo de lectura":"7 minutos"},"schema":{"@context":"https:\/\/schema.org","@graph":[{"@type":"WebPage","@id":"https:\/\/jonekush.cc\/index.php\/metatags2\/","url":"https:\/\/jonekush.cc\/index.php\/metatags2\/","name":"Metatags2 - JoneKush - Las mejores flores y los mejores productos \ud83c\udf3f\ud83c\udf6f- Envios a todo Mexico - Tienda Online - Telegram @jonekush","isPartOf":{"@id":"https:\/\/jonekush.cc\/#website"},"primaryImageOfPage":{"@id":"https:\/\/jonekush.cc\/index.php\/metatags2\/#primaryimage"},"image":{"@id":"https:\/\/jonekush.cc\/index.php\/metatags2\/#primaryimage"},"thumbnailUrl":"https:\/\/jonekush.cc\/wp-content\/uploads\/2023\/08\/jonekush1.jpg","datePublished":"2023-08-17T19:05:46+00:00","breadcrumb":{"@id":"https:\/\/jonekush.cc\/index.php\/metatags2\/#breadcrumb"},"inLanguage":"es","potentialAction":[{"@type":"ReadAction","target":["https:\/\/jonekush.cc\/index.php\/metatags2\/"]}]},{"@type":"ImageObject","inLanguage":"es","@id":"https:\/\/jonekush.cc\/index.php\/metatags2\/#primaryimage","url":"https:\/\/jonekush.cc\/wp-content\/uploads\/2023\/08\/jonekush1.jpg","contentUrl":"https:\/\/jonekush.cc\/wp-content\/uploads\/2023\/08\/jonekush1.jpg","width":399,"height":399},{"@type":"BreadcrumbList","@id":"https:\/\/jonekush.cc\/index.php\/metatags2\/#breadcrumb","itemListElement":[{"@type":"ListItem","position":1,"name":"Inicio","item":"https:\/\/jonekush.cc\/"},{"@type":"ListItem","position":2,"name":"Metatags2"}]},{"@type":"WebSite","@id":"https:\/\/jonekush.cc\/#website","url":"https:\/\/jonekush.cc\/","name":"JoneKush - Las mejores flores y los mejores productos \ud83c\udf3f\ud83c\udf6f- Envios a todo Mexico - Tienda Online - Telegram @jonekush","description":"Envios a toda la Republica - Seguros Calidad y Profesional","publisher":{"@id":"https:\/\/jonekush.cc\/#organization"},"potentialAction":[{"@type":"SearchAction","target":{"@type":"EntryPoint","urlTemplate":"https:\/\/jonekush.cc\/?s={search_term_string}"},"query-input":{"@type":"PropertyValueSpecification","valueRequired":true,"valueName":"search_term_string"}}],"inLanguage":"es"},{"@type":"Organization","@id":"https:\/\/jonekush.cc\/#organization","name":"JoneKush - Las mejores flores y los mejores productos \ud83c\udf3f\ud83c\udf6f- Envios a todo Mexico - Tienda Online - Telegram @jonekush","url":"https:\/\/jonekush.cc\/","logo":{"@type":"ImageObject","inLanguage":"es","@id":"https:\/\/jonekush.cc\/#\/schema\/logo\/image\/","url":"https:\/\/jonekush.cc\/wp-content\/uploads\/2023\/08\/cropped-jonekushpilogo.jpg","contentUrl":"https:\/\/jonekush.cc\/wp-content\/uploads\/2023\/08\/cropped-jonekushpilogo.jpg","width":100,"height":100,"caption":"JoneKush - Las mejores flores y los mejores productos \ud83c\udf3f\ud83c\udf6f- Envios a todo Mexico - Tienda Online - Telegram @jonekush"},"image":{"@id":"https:\/\/jonekush.cc\/#\/schema\/logo\/image\/"}}]}},"_links":{"self":[{"href":"https:\/\/jonekush.cc\/index.php\/wp-json\/wp\/v2\/pages\/36","targetHints":{"allow":["GET"]}}],"collection":[{"href":"https:\/\/jonekush.cc\/index.php\/wp-json\/wp\/v2\/pages"}],"about":[{"href":"https:\/\/jonekush.cc\/index.php\/wp-json\/wp\/v2\/types\/page"}],"author":[{"embeddable":true,"href":"https:\/\/jonekush.cc\/index.php\/wp-json\/wp\/v2\/users\/1"}],"replies":[{"embeddable":true,"href":"https:\/\/jonekush.cc\/index.php\/wp-json\/wp\/v2\/comments?post=36"}],"version-history":[{"count":1,"href":"https:\/\/jonekush.cc\/index.php\/wp-json\/wp\/v2\/pages\/36\/revisions"}],"predecessor-version":[{"id":37,"href":"https:\/\/jonekush.cc\/index.php\/wp-json\/wp\/v2\/pages\/36\/revisions\/37"}],"wp:featuredmedia":[{"embeddable":true,"href":"https:\/\/jonekush.cc\/index.php\/wp-json\/wp\/v2\/media\/31"}],"wp:attachment":[{"href":"https:\/\/jonekush.cc\/index.php\/wp-json\/wp\/v2\/media?parent=36"}],"curies":[{"name":"wp","href":"https:\/\/api.w.org\/{rel}","templated":true}]}}